{"id":172,"date":"2021-01-18T11:42:00","date_gmt":"2021-01-18T11:42:00","guid":{"rendered":"https:\/\/www.icanproject.eu\/privacy-policy\/"},"modified":"2021-05-12T15:40:43","modified_gmt":"2021-05-12T14:40:43","slug":"privacy-policy","status":"publish","type":"page","link":"https:\/\/www.icanproject.eu\/fr\/privacy-policy\/","title":{"rendered":"Privacy Policy"},"content":{"rendered":"<p><strong>A propos<\/strong><\/p>\n<p>L\u2019adresse de notre site Internet est : <a href=\"http:\/\/depalproject.eu\">http:\/\/icanproject.eu<\/a><\/p>\n<p><strong>Quelles donn\u00e9es personnelles collectons-nous et pourquoi ? <\/strong><\/p>\n<p><strong>Commentaires<\/strong><\/p>\n<p>Quand les visiteurs laissent des commentaires sur le site, nous collectons les donn\u00e9es apparaissant dans le formulaire de commentaires ainsi que l\u2019adresse IP et le navigateur utilis\u00e9s pour faciliter la d\u00e9tection de spams.<\/p>\n<p>Un lien anonyme depuis votre adresse mail pourra \u00eatre fourni aux services de Gravatar afin de voir si vous en \u00eates utilisateur. La politique de confidentialit\u00e9\u00a0 de Gravatar est accessible ici\u00a0: <a href=\"https:\/\/automattic.com\/privacy\/\">https:\/\/automattic.com\/privacy\/<\/a>. Apr\u00e8s la validation de votre commentaire, votre photo de profil sera visible publiquement dans le cadre de votre commentaire.<\/p>\n<p><strong>M\u00e9dias<\/strong><\/p>\n<p>Si vous chargez des images sur le site web, vous devez \u00e9viter de t\u00e9l\u00e9charger des photos qui contiennent des informations de g\u00e9olocalisation (EXIF GPS). Les visiteurs du site peuvent t\u00e9l\u00e9charger et extraire toutes les donn\u00e9es de localisation des images se trouvant sur le site.<\/p>\n<p><strong>Formulaire de Contact<\/strong><\/p>\n<p><strong>Cookie<\/strong><\/p>\n<p>Si vous laissez un commentaire sur notre site, vous pouvez choisir de sauvegarder votre nom, adresse email et site Internet dans les cookies.<\/p>\n<p>Ils sont utilis\u00e9s pour votre confort, afin de ne pas avoir \u00e0 saisir \u00e0 nouveau vos informations personnelles si vous \u00e9crivez d\u2019autres commentaires. Ces cookies auront une dur\u00e9e d\u2019un an.<\/p>\n<p>Si vous visitez la page de connexion, un cookie temporaire appara\u00eetra pour d\u00e9terminer si votre navigateur accepte les cookies ou non. Ce cookie ne comprend pas de donn\u00e9es personnelles et sera supprim\u00e9 lorsque vous fermerez le navigateur.<\/p>\n<p>Quand vous vous connectez, plusieurs cookies seront param\u00e9tr\u00e9s pour sauvegarder vos informations de connexion et les options d\u2019affichage de l\u2019\u00e9cran. Les cookies de connexion durent deux jours et les cookies d\u2019options d\u2019affichage d\u2019\u00e9cran durent un an. Si vous s\u00e9lectionnez \u00ab\u00a0se souvenir de moi\u00a0\u00bb, vos informations de connexion dureront deux semaines. Si vous vous d\u00e9connectez de votre compte, les cookies de connexion seront retir\u00e9s.<\/p>\n<p>Si vous \u00e9ditez ou publiez un article, un cookie suppl\u00e9mentaire sera enregistr\u00e9 sur votre navigateur. Ce cookie ne comprend pas de donn\u00e9es personnelles mais indique simplement le num\u00e9ro de l\u2019article que vous avez modifi\u00e9. Il expire au bout d\u2019une journ\u00e9e.<\/p>\n<p><strong>Contenu issu d\u2019autres sites Internet<\/strong><\/p>\n<p>Les articles du site peuvent inclure des contenus int\u00e9gr\u00e9s (vid\u00e9os, photos, articles, etc).<\/p>\n<p>Les contenus int\u00e9gr\u00e9s depuis d\u2019autres sites web fonctionnent exactement de la m\u00eame mani\u00e8re que si le visiteur visitait l\u2019autre site web.<\/p>\n<p>Ces sites web peuvent collecter des donn\u00e9es \u00e0 votre sujet, utiliser des cookies, int\u00e9grer un outil additionnel de suivi des tiers et suivre vos \u00e9changes avec eux, dont vos interactions avec le contenu int\u00e9gr\u00e9 dans le cas o\u00f9 vous disposez d\u2019un compte et y \u00eates connect\u00e9.<\/p>\n<p><strong>Analyses<\/strong><\/p>\n<p><strong>A qui partageons nous vos donn\u00e9es\u00a0?<\/strong><strong>\u00a0<\/strong><\/p>\n<p><strong>Combien de temps vos donn\u00e9es sont-elles conserv\u00e9es\u00a0?<\/strong><\/p>\n<p>Si vous laissez un commentaire, le commentaire et les m\u00e9tadonn\u00e9es associ\u00e9es seront conserv\u00e9s pour une dur\u00e9e illimit\u00e9e. Nous pouvons ainsi automatiquement accepter et publier les commentaires suivants sans qu\u2019ils ne passent par la file d\u2019attente.<\/p>\n<p>Pour les utilisateurs qui s\u2019inscrivent sur le site, nous stockons \u00e9galement les informations personnelles qu\u2019ils fournissent sur leur profil d\u2019utilisateur. Tous les utilisateurs peuvent voir, modifier ou supprimer leurs informations personnelles \u00e0 tout moment (\u00e0 l\u2019exception du nom d\u2019utilisateur qui ne peut pas \u00eatre modifi\u00e9). Les administrateurs du site peuvent \u00e9galement visualiser ou modifier ces informations.<\/p>\n<p><strong>Quels droits avez-vous sur vos donn\u00e9es\u00a0?<\/strong><\/p>\n<p>Si vous avez un compte sur le site ou si vous y avez laiss\u00e9 des commentaires, vous pouvez demander un fichier export\u00e9 du site comprenant les informations personnelles dont nous disposons sur vous incluant les informations que vous nous avez transmises. Vous pouvez \u00e9galement nous demander de supprimer toutes les donn\u00e9es personnelles vous concernant. Cela ne concerne pas les donn\u00e9es dont nous avons besoin \u00e0 des fins administratives, l\u00e9gales ou de s\u00e9curit\u00e9.<\/p>\n<p><strong>O\u00f9 envoyons-nous vos donn\u00e9es\u00a0?<\/strong><\/p>\n<p>Les commentaires des visiteurs peuvent \u00eatre contr\u00f4l\u00e9s gr\u00e2ce \u00e0 un service de d\u00e9tection automatique de spams.<\/p>\n<p><strong>D\u00e9claration de confidentialit\u00e9<\/strong><strong>\u00a0<\/strong><\/p>\n<p><strong>Informations que nous collectons <\/strong><\/p>\n<p>Lorsque vous compl\u00e9tez notre formulaire d\u2019inscription, des informations personnelles vous seront demand\u00e9es comme votre nom et vos coordonn\u00e9es. Nous pourrons \u00e9galement collecter des donn\u00e9es sur votre utilisation du site ou des informations contenues dans les emails ou lettres re\u00e7us de votre part.<\/p>\n<p><strong>Utilisation des donn\u00e9es<\/strong><\/p>\n<p>Vos informations nous permettrons de vous transmettre\u00a0 les mises \u00e0 jour sur notre travail. Nous pouvons \u00e9galement utiliser et analyser les informations collect\u00e9es afin de g\u00e9rer, soutenir, am\u00e9liorer et d\u00e9velopper nos services. Les informations transmises seront conserv\u00e9es sur des ordinateurs localis\u00e9s au Royaume-Uni et pourront \u00eatre accessibles ou directement transmises \u00e0 notre \u00e9quipe ou \u00e0 des tiers agissant en notre nom dans l\u2019unique but de soutenir notre action. Si vous avez donn\u00e9 votre consentement, nous pourrons utiliser vos informations pour vous contacter par voie postale, t\u00e9l\u00e9phone, email ou SMS afin que vous puissiez suivre notre travail et que nous puissions vous tenir inform\u00e9 des \u00e9ventuels changements ou \u00e9volutions de notre site et de nos services. Vous avez la possibilit\u00e9 de retirer votre consentement \u00e0 tout moment en nous contactant. Si vous avez donn\u00e9 votre consentement, nous pouvons autoriser des tiers prudemment s\u00e9lectionn\u00e9s \u00e0 vous contacter occasionnellement par email au sujet de leurs produits et services susceptibles de vous int\u00e9resser. Vous pouvez retirer votre consentement \u00e0 tout moment en nous contactant. Il se peut \u00e9galement que nous transmettions \u00e0 des tiers des renseignements group\u00e9s concernant votre utilisation de notre site \u00e0 des fins analytiques. Cependant, nous ne transmettrons pas d\u2019informations qui permettraient de vous identifier. A moins que la loi ne nous y oblige, nous ne partagerons, ne vendrons ni ne commercialiserons aucune des informations que vous nous avez transmises sans votre consentement.<\/p>\n<p><strong>S\u00e9curit\u00e9 et conservation des donn\u00e9es <\/strong><\/p>\n<p>Les mesures de s\u00e9curit\u00e9 au standard industriel sont employ\u00e9es afin de prot\u00e9ger vos donn\u00e9es d\u2019un acc\u00e8s sans autorisation, d\u2019un traitement illicite, d\u2019une perte accidentelle, d\u2019une destruction ou encore d\u2019un pr\u00e9judice. Vos donn\u00e9es seront conserv\u00e9es pour un d\u00e9lai raisonnable ou tant que la loi l\u2019exige.<\/p>\n<p><strong>Acc\u00e8s et mise \u00e0 jour<\/strong><\/p>\n<p>Vous \u00eates en droit d\u2019acc\u00e9der \u00e0 toutes les informations d\u00e9tenues vous concernant et pouvez demander des modifications afin de vous assurer que les informations sont correctes, \u00e0 jour et pertinentes.<\/p>\n<p><strong>D\u00e9claration de protection<\/strong><\/p>\n<p>Liverpool World Centre s\u2019engage \u00e0 prot\u00e9ger le bien-\u00eatre des enfants, jeunes et adultes vuln\u00e9rables. En tant qu\u2019association, nous nous engageons pleinement \u00e0 garantir que des proc\u00e9dures de sauvegarde r\u00e9guli\u00e8res et efficaces soient en place. Nos salari\u00e9s et b\u00e9n\u00e9voles suivent tous une formation appropri\u00e9e et leur casier judiciaire est v\u00e9rifi\u00e9.<\/p>\n<p>&nbsp;<\/p>\n<p>Le responsable de la s\u00e9curisation des donn\u00e9es au sein de l\u2019\u00e9quipe du LWC est\u00a0: Jason Ward (<a href=\"mailto:jason@liverpoolworldcentre.org\">jason@liverpoolworldcentre.org<\/a>)<\/p>\n<p>&nbsp;<\/p>\n<p>Le responsable adjoint de la s\u00e9curisation des donn\u00e9es et directeur du LWC est\u00a0: Pablo Guidi (<a href=\"mailto:pablo@liverpoolworldcentre.org\">pablo@liverpoolworldcentre.org<\/a>)<\/p>\n<p>&nbsp;<\/p>\n<p>L\u2019administratrice en charge de la s\u00e9curisation des donn\u00e9es est Louise Robinson (joignable en contactant notre si\u00e8ge).<\/p>\n<p>&nbsp;<\/p>\n<p>Le Liverpool World Center r\u00e9vise actuellement ses politiques mais des exemplaires en vigueur sont disponibles depuis le si\u00e8ge sur demande.<\/p>\n","protected":false},"excerpt":{"rendered":"<p>A propos L\u2019adresse de notre site Internet est : http:\/\/icanproject.eu Quelles donn\u00e9es personnelles collectons-nous et pourquoi ? Commentaires Quand les visiteurs laissent des commentaires sur le site, nous collectons les donn\u00e9es apparaissant dans le formulaire de commentaires ainsi que l\u2019adresse IP et le navigateur utilis\u00e9s pour faciliter la d\u00e9tection de spams. Un lien anonyme depuis [&hellip;]<\/p>\n","protected":false},"author":1,"featured_media":0,"parent":0,"menu_order":0,"comment_status":"closed","ping_status":"open","template":"","meta":{"footnotes":""},"class_list":["post-172","page","type-page","status-publish","hentry"],"yoast_head":"<!-- This site is optimized with the Yoast SEO plugin v21.9.1 - https:\/\/yoast.com\/wordpress\/plugins\/seo\/ -->\n<title>Privacy Policy - Ican Project<\/title>\n<meta name=\"robots\" content=\"index, follow, max-snippet:-1, max-image-preview:large, max-video-preview:-1\" \/>\n<link rel=\"canonical\" href=\"https:\/\/www.icanproject.eu\/fr\/privacy-policy\/\" \/>\n<meta property=\"og:locale\" content=\"fr_FR\" \/>\n<meta property=\"og:type\" content=\"article\" \/>\n<meta property=\"og:title\" content=\"Privacy Policy - Ican Project\" \/>\n<meta property=\"og:description\" content=\"A propos L\u2019adresse de notre site Internet est : http:\/\/icanproject.eu Quelles donn\u00e9es personnelles collectons-nous et pourquoi ? Commentaires Quand les visiteurs laissent des commentaires sur le site, nous collectons les donn\u00e9es apparaissant dans le formulaire de commentaires ainsi que l\u2019adresse IP et le navigateur utilis\u00e9s pour faciliter la d\u00e9tection de spams. Un lien anonyme depuis [&hellip;]\" \/>\n<meta property=\"og:url\" content=\"https:\/\/www.icanproject.eu\/fr\/privacy-policy\/\" \/>\n<meta property=\"og:site_name\" content=\"Ican Project\" \/>\n<meta property=\"article:modified_time\" content=\"2021-05-12T14:40:43+00:00\" \/>\n<meta name=\"twitter:card\" content=\"summary_large_image\" \/>\n<meta name=\"twitter:label1\" content=\"Dur\u00e9e de lecture estim\u00e9e\" \/>\n\t<meta name=\"twitter:data1\" content=\"5 minutes\" \/>\n<script type=\"application\/ld+json\" class=\"yoast-schema-graph\">{\"@context\":\"https:\/\/schema.org\",\"@graph\":[{\"@type\":\"WebPage\",\"@id\":\"https:\/\/www.icanproject.eu\/fr\/privacy-policy\/\",\"url\":\"https:\/\/www.icanproject.eu\/fr\/privacy-policy\/\",\"name\":\"Privacy Policy - Ican Project\",\"isPartOf\":{\"@id\":\"https:\/\/www.icanproject.eu\/fr\/#website\"},\"datePublished\":\"2021-01-18T11:42:00+00:00\",\"dateModified\":\"2021-05-12T14:40:43+00:00\",\"breadcrumb\":{\"@id\":\"https:\/\/www.icanproject.eu\/fr\/privacy-policy\/#breadcrumb\"},\"inLanguage\":\"fr-FR\",\"potentialAction\":[{\"@type\":\"ReadAction\",\"target\":[\"https:\/\/www.icanproject.eu\/fr\/privacy-policy\/\"]}]},{\"@type\":\"BreadcrumbList\",\"@id\":\"https:\/\/www.icanproject.eu\/fr\/privacy-policy\/#breadcrumb\",\"itemListElement\":[{\"@type\":\"ListItem\",\"position\":1,\"name\":\"Home\",\"item\":\"https:\/\/www.icanproject.eu\/fr\/\"},{\"@type\":\"ListItem\",\"position\":2,\"name\":\"Privacy Policy\"}]},{\"@type\":\"WebSite\",\"@id\":\"https:\/\/www.icanproject.eu\/fr\/#website\",\"url\":\"https:\/\/www.icanproject.eu\/fr\/\",\"name\":\"Ican Project\",\"description\":\"INTERNATIONAL CLIMATE ACTION NETWORK (I-CAN)\",\"potentialAction\":[{\"@type\":\"SearchAction\",\"target\":{\"@type\":\"EntryPoint\",\"urlTemplate\":\"https:\/\/www.icanproject.eu\/fr\/?s={search_term_string}\"},\"query-input\":\"required name=search_term_string\"}],\"inLanguage\":\"fr-FR\"}]}<\/script>\n<!-- \/ Yoast SEO plugin. -->","yoast_head_json":{"title":"Privacy Policy - Ican Project","robots":{"index":"index","follow":"follow","max-snippet":"max-snippet:-1","max-image-preview":"max-image-preview:large","max-video-preview":"max-video-preview:-1"},"canonical":"https:\/\/www.icanproject.eu\/fr\/privacy-policy\/","og_locale":"fr_FR","og_type":"article","og_title":"Privacy Policy - Ican Project","og_description":"A propos L\u2019adresse de notre site Internet est : http:\/\/icanproject.eu Quelles donn\u00e9es personnelles collectons-nous et pourquoi ? Commentaires Quand les visiteurs laissent des commentaires sur le site, nous collectons les donn\u00e9es apparaissant dans le formulaire de commentaires ainsi que l\u2019adresse IP et le navigateur utilis\u00e9s pour faciliter la d\u00e9tection de spams. Un lien anonyme depuis [&hellip;]","og_url":"https:\/\/www.icanproject.eu\/fr\/privacy-policy\/","og_site_name":"Ican Project","article_modified_time":"2021-05-12T14:40:43+00:00","twitter_card":"summary_large_image","twitter_misc":{"Dur\u00e9e de lecture estim\u00e9e":"5 minutes"},"schema":{"@context":"https:\/\/schema.org","@graph":[{"@type":"WebPage","@id":"https:\/\/www.icanproject.eu\/fr\/privacy-policy\/","url":"https:\/\/www.icanproject.eu\/fr\/privacy-policy\/","name":"Privacy Policy - Ican Project","isPartOf":{"@id":"https:\/\/www.icanproject.eu\/fr\/#website"},"datePublished":"2021-01-18T11:42:00+00:00","dateModified":"2021-05-12T14:40:43+00:00","breadcrumb":{"@id":"https:\/\/www.icanproject.eu\/fr\/privacy-policy\/#breadcrumb"},"inLanguage":"fr-FR","potentialAction":[{"@type":"ReadAction","target":["https:\/\/www.icanproject.eu\/fr\/privacy-policy\/"]}]},{"@type":"BreadcrumbList","@id":"https:\/\/www.icanproject.eu\/fr\/privacy-policy\/#breadcrumb","itemListElement":[{"@type":"ListItem","position":1,"name":"Home","item":"https:\/\/www.icanproject.eu\/fr\/"},{"@type":"ListItem","position":2,"name":"Privacy Policy"}]},{"@type":"WebSite","@id":"https:\/\/www.icanproject.eu\/fr\/#website","url":"https:\/\/www.icanproject.eu\/fr\/","name":"Ican Project","description":"INTERNATIONAL CLIMATE ACTION NETWORK (I-CAN)","potentialAction":[{"@type":"SearchAction","target":{"@type":"EntryPoint","urlTemplate":"https:\/\/www.icanproject.eu\/fr\/?s={search_term_string}"},"query-input":"required name=search_term_string"}],"inLanguage":"fr-FR"}]}},"_links":{"self":[{"href":"https:\/\/www.icanproject.eu\/fr\/wp-json\/wp\/v2\/pages\/172","targetHints":{"allow":["GET"]}}],"collection":[{"href":"https:\/\/www.icanproject.eu\/fr\/wp-json\/wp\/v2\/pages"}],"about":[{"href":"https:\/\/www.icanproject.eu\/fr\/wp-json\/wp\/v2\/types\/page"}],"author":[{"embeddable":true,"href":"https:\/\/www.icanproject.eu\/fr\/wp-json\/wp\/v2\/users\/1"}],"replies":[{"embeddable":true,"href":"https:\/\/www.icanproject.eu\/fr\/wp-json\/wp\/v2\/comments?post=172"}],"version-history":[{"count":2,"href":"https:\/\/www.icanproject.eu\/fr\/wp-json\/wp\/v2\/pages\/172\/revisions"}],"predecessor-version":[{"id":360,"href":"https:\/\/www.icanproject.eu\/fr\/wp-json\/wp\/v2\/pages\/172\/revisions\/360"}],"wp:attachment":[{"href":"https:\/\/www.icanproject.eu\/fr\/wp-json\/wp\/v2\/media?parent=172"}],"curies":[{"name":"wp","href":"https:\/\/api.w.org\/{rel}","templated":true}]}}