{"id":1609,"date":"2023-01-23T12:41:55","date_gmt":"2023-01-23T12:41:55","guid":{"rendered":"https:\/\/www.icanproject.eu\/climate-conference-kit\/"},"modified":"2023-01-23T13:02:43","modified_gmt":"2023-01-23T13:02:43","slug":"climate-conference-kit","status":"publish","type":"page","link":"https:\/\/www.icanproject.eu\/hu\/climate-conference-kit\/","title":{"rendered":"Climate Conference Kit"},"content":{"rendered":"<div id='av_section_1'  class='avia-section main_color avia-section-default avia-no-border-styling  av-parallax-section avia-bg-style-parallax  avia-builder-el-0  avia-builder-el-no-sibling   av-minimum-height av-minimum-height-100  container_wrap fullsize' style=' '  data-section-bg-repeat='no-repeat' data-av_minimum_height_pc='100'><div class='av-parallax' data-avia-parallax-ratio='0.3' ><div class='av-parallax-inner main_color  avia-full-stretch' style = 'background-repeat: no-repeat; background-image: url(https:\/\/www.icanproject.eu\/wp-content\/uploads\/2022\/12\/green-energy-saving-background-light-bulb-with-trees-remixed-media-scaled.jpg);background-attachment: scroll; background-position: center left; ' ><\/div><\/div><div class='container' ><main  role=\"main\" itemprop=\"mainContentOfPage\"  class='template-page content  av-content-full alpha units'><div class='post-entry post-entry-type-page post-entry-1609'><div class='entry-content-wrapper clearfix'>\n<div class=\"flex_column av_two_fifth  flex_column_div av-zero-column-padding first  avia-builder-el-1  el_before_av_three_fifth  avia-builder-el-first  \" style='border-radius:0px; '><\/div><div class=\"flex_column av_three_fifth  flex_column_div av-zero-column-padding   avia-builder-el-2  el_after_av_two_fifth  el_before_av_two_fifth  \" style='border-radius:0px; '><div  style='padding-bottom:10px; margin:0 0 0 0; ' class='av-special-heading av-special-heading-h1  blockquote modern-quote modern-centered  avia-builder-el-3  avia-builder-el-no-sibling  '><h1 class='av-special-heading-tag '  itemprop=\"headline\"  >Kl\u00edmakonferencia kisokos<\/h1><div class ='av-subheading av-subheading_below  ' style='font-size:15px;'><p>Eszk\u00f6zt\u00e1r a di\u00e1kok bevon\u00e1s\u00e1ra \u00e9s az \u00e9ghajlatv\u00e1ltoz\u00e1ssal kapcsolatos kritikai gondolkod\u00e1s \u00f6szt\u00f6nz\u00e9s\u00e9re<\/p>\n<\/div><div class='special-heading-border'><div class='special-heading-inner-border' ><\/div><\/div><\/div><\/div><div class=\"flex_column av_two_fifth  flex_column_div av-zero-column-padding first  avia-builder-el-4  el_after_av_three_fifth  el_before_av_three_fifth  \" style='border-radius:0px; '><\/div><div class=\"flex_column av_three_fifth  flex_column_div av-zero-column-padding   avia-builder-el-5  el_after_av_two_fifth  el_before_av_one_full  \" style='border-radius:0px; '><div  class='avia-button-wrap avia-button-center  avia-builder-el-6  avia-builder-el-no-sibling ' ><a href='https:\/\/toolkit.icanproject.eu\/#\/home' class='avia-button  avia-color-green  avia-font-color-theme-color  avia-icon_select-no avia-size-large avia-position-center ' target=\"_blank\" rel=\"noopener noreferrer\"><span class='avia_iconbox_title' >Ugr\u00e1s az eszk\u00f6zt\u00e1rhoz<\/span><span class='avia_button_background avia-button avia-color-green' ><\/span><\/a><\/div><\/div><div class=\"flex_column av_one_full  flex_column_div av-zero-column-padding first  avia-builder-el-7  el_after_av_three_fifth  el_before_av_two_fifth  \" style='border-radius:0px; '><\/div><div class=\"flex_column av_two_fifth  flex_column_div av-zero-column-padding first  avia-builder-el-8  el_after_av_one_full  el_before_av_three_fifth  column-top-margin\" style='border-radius:0px; '><\/div><div class=\"flex_column av_three_fifth  flex_column_div av-zero-column-padding   avia-builder-el-9  el_after_av_two_fifth  avia-builder-el-last  column-top-margin\" style='border-radius:0px; '><section class=\"av_textblock_section \"  itemscope=\"itemscope\" itemtype=\"https:\/\/schema.org\/CreativeWork\" ><div class='avia_textblock  '   itemprop=\"text\" ><h3 style=\"text-align: center;\">Az I-CAN projekt nemcsak inform\u00e1ci\u00f3kkal \u00e9s m\u00f3dszerekkel seg\u00edti a tan\u00e1rokat egy COP-konferencia megszervez\u00e9s\u00e9ben. Sz\u00e1mos olyan \u00f6tlete is ad, amivel a tan\u00e1rok seg\u00edthetik a di\u00e1kjaikat az \u00e9ghajlatv\u00e1ltoz\u00e1s elleni k\u00f6z\u00f6s fell\u00e9p\u00e9sben.<\/h3>\n<h3 style=\"text-align: center;\"><strong>Csatlakozzon az I-CAN k\u00f6z\u00f6ss\u00e9ghez, \u00e9s ugyanazokkal a bel\u00e9p\u00e9si adatokkal hozz\u00e1f\u00e9rhet az interakt\u00edv feladatokhoz!<\/strong><\/h3>\n<\/div><\/section><br \/>\n<div  class='avia-button-wrap avia-button-center  avia-builder-el-11  el_after_av_textblock  avia-builder-el-last ' ><a href='https:\/\/community.icanproject.eu\/' class='avia-button  avia-color-green   avia-icon_select-no avia-size-small avia-position-center ' target=\"_blank\" rel=\"noopener noreferrer\"><span class='avia_iconbox_title' >Csatlakoz\u00e1s az I-CAN k\u00f6z\u00f6ss\u00e9ghez<\/span><\/a><\/div><\/p><\/div>\n","protected":false},"excerpt":{"rendered":"","protected":false},"author":1,"featured_media":0,"parent":0,"menu_order":0,"comment_status":"closed","ping_status":"closed","template":"","meta":{"footnotes":""},"class_list":["post-1609","page","type-page","status-publish","hentry"],"yoast_head":"<!-- This site is optimized with the Yoast SEO plugin v21.9.1 - https:\/\/yoast.com\/wordpress\/plugins\/seo\/ -->\n<title>Climate Conference Kit - Ican Project<\/title>\n<meta name=\"robots\" content=\"index, follow, max-snippet:-1, max-image-preview:large, max-video-preview:-1\" \/>\n<link rel=\"canonical\" href=\"https:\/\/www.icanproject.eu\/hu\/climate-conference-kit\/\" \/>\n<meta property=\"og:locale\" content=\"hu_HU\" \/>\n<meta property=\"og:type\" content=\"article\" \/>\n<meta property=\"og:title\" content=\"Climate Conference Kit - Ican Project\" \/>\n<meta property=\"og:url\" content=\"https:\/\/www.icanproject.eu\/hu\/climate-conference-kit\/\" \/>\n<meta property=\"og:site_name\" content=\"Ican Project\" \/>\n<meta property=\"article:modified_time\" content=\"2023-01-23T13:02:43+00:00\" \/>\n<meta name=\"twitter:card\" content=\"summary_large_image\" \/>\n<meta name=\"twitter:label1\" content=\"Becs\u00fclt olvas\u00e1si id\u0151\" \/>\n\t<meta name=\"twitter:data1\" content=\"7 perc\" \/>\n<script type=\"application\/ld+json\" class=\"yoast-schema-graph\">{\"@context\":\"https:\/\/schema.org\",\"@graph\":[{\"@type\":\"WebPage\",\"@id\":\"https:\/\/www.icanproject.eu\/hu\/climate-conference-kit\/\",\"url\":\"https:\/\/www.icanproject.eu\/hu\/climate-conference-kit\/\",\"name\":\"Climate Conference Kit - Ican Project\",\"isPartOf\":{\"@id\":\"https:\/\/www.icanproject.eu\/hu\/#website\"},\"datePublished\":\"2023-01-23T12:41:55+00:00\",\"dateModified\":\"2023-01-23T13:02:43+00:00\",\"breadcrumb\":{\"@id\":\"https:\/\/www.icanproject.eu\/hu\/climate-conference-kit\/#breadcrumb\"},\"inLanguage\":\"hu\",\"potentialAction\":[{\"@type\":\"ReadAction\",\"target\":[\"https:\/\/www.icanproject.eu\/hu\/climate-conference-kit\/\"]}]},{\"@type\":\"BreadcrumbList\",\"@id\":\"https:\/\/www.icanproject.eu\/hu\/climate-conference-kit\/#breadcrumb\",\"itemListElement\":[{\"@type\":\"ListItem\",\"position\":1,\"name\":\"Home\",\"item\":\"https:\/\/www.icanproject.eu\/hu\/\"},{\"@type\":\"ListItem\",\"position\":2,\"name\":\"Climate Conference Kit\"}]},{\"@type\":\"WebSite\",\"@id\":\"https:\/\/www.icanproject.eu\/hu\/#website\",\"url\":\"https:\/\/www.icanproject.eu\/hu\/\",\"name\":\"Ican Project\",\"description\":\"INTERNATIONAL CLIMATE ACTION NETWORK (I-CAN)\",\"potentialAction\":[{\"@type\":\"SearchAction\",\"target\":{\"@type\":\"EntryPoint\",\"urlTemplate\":\"https:\/\/www.icanproject.eu\/hu\/?s={search_term_string}\"},\"query-input\":\"required name=search_term_string\"}],\"inLanguage\":\"hu\"}]}<\/script>\n<!-- \/ Yoast SEO plugin. -->","yoast_head_json":{"title":"Climate Conference Kit - Ican Project","robots":{"index":"index","follow":"follow","max-snippet":"max-snippet:-1","max-image-preview":"max-image-preview:large","max-video-preview":"max-video-preview:-1"},"canonical":"https:\/\/www.icanproject.eu\/hu\/climate-conference-kit\/","og_locale":"hu_HU","og_type":"article","og_title":"Climate Conference Kit - Ican Project","og_url":"https:\/\/www.icanproject.eu\/hu\/climate-conference-kit\/","og_site_name":"Ican Project","article_modified_time":"2023-01-23T13:02:43+00:00","twitter_card":"summary_large_image","twitter_misc":{"Becs\u00fclt olvas\u00e1si id\u0151":"7 perc"},"schema":{"@context":"https:\/\/schema.org","@graph":[{"@type":"WebPage","@id":"https:\/\/www.icanproject.eu\/hu\/climate-conference-kit\/","url":"https:\/\/www.icanproject.eu\/hu\/climate-conference-kit\/","name":"Climate Conference Kit - Ican Project","isPartOf":{"@id":"https:\/\/www.icanproject.eu\/hu\/#website"},"datePublished":"2023-01-23T12:41:55+00:00","dateModified":"2023-01-23T13:02:43+00:00","breadcrumb":{"@id":"https:\/\/www.icanproject.eu\/hu\/climate-conference-kit\/#breadcrumb"},"inLanguage":"hu","potentialAction":[{"@type":"ReadAction","target":["https:\/\/www.icanproject.eu\/hu\/climate-conference-kit\/"]}]},{"@type":"BreadcrumbList","@id":"https:\/\/www.icanproject.eu\/hu\/climate-conference-kit\/#breadcrumb","itemListElement":[{"@type":"ListItem","position":1,"name":"Home","item":"https:\/\/www.icanproject.eu\/hu\/"},{"@type":"ListItem","position":2,"name":"Climate Conference Kit"}]},{"@type":"WebSite","@id":"https:\/\/www.icanproject.eu\/hu\/#website","url":"https:\/\/www.icanproject.eu\/hu\/","name":"Ican Project","description":"INTERNATIONAL CLIMATE ACTION NETWORK (I-CAN)","potentialAction":[{"@type":"SearchAction","target":{"@type":"EntryPoint","urlTemplate":"https:\/\/www.icanproject.eu\/hu\/?s={search_term_string}"},"query-input":"required name=search_term_string"}],"inLanguage":"hu"}]}},"_links":{"self":[{"href":"https:\/\/www.icanproject.eu\/hu\/wp-json\/wp\/v2\/pages\/1609","targetHints":{"allow":["GET"]}}],"collection":[{"href":"https:\/\/www.icanproject.eu\/hu\/wp-json\/wp\/v2\/pages"}],"about":[{"href":"https:\/\/www.icanproject.eu\/hu\/wp-json\/wp\/v2\/types\/page"}],"author":[{"embeddable":true,"href":"https:\/\/www.icanproject.eu\/hu\/wp-json\/wp\/v2\/users\/1"}],"replies":[{"embeddable":true,"href":"https:\/\/www.icanproject.eu\/hu\/wp-json\/wp\/v2\/comments?post=1609"}],"version-history":[{"count":3,"href":"https:\/\/www.icanproject.eu\/hu\/wp-json\/wp\/v2\/pages\/1609\/revisions"}],"predecessor-version":[{"id":1628,"href":"https:\/\/www.icanproject.eu\/hu\/wp-json\/wp\/v2\/pages\/1609\/revisions\/1628"}],"wp:attachment":[{"href":"https:\/\/www.icanproject.eu\/hu\/wp-json\/wp\/v2\/media?parent=1609"}],"curies":[{"name":"wp","href":"https:\/\/api.w.org\/{rel}","templated":true}]}}