{"id":173,"date":"2021-01-18T11:42:00","date_gmt":"2021-01-18T11:42:00","guid":{"rendered":"https:\/\/www.icanproject.eu\/privacy-policy\/"},"modified":"2021-04-10T13:33:42","modified_gmt":"2021-04-10T12:33:42","slug":"privacy-policy","status":"publish","type":"page","link":"https:\/\/www.icanproject.eu\/hu\/privacy-policy\/","title":{"rendered":"Privacy Policy"},"content":{"rendered":"<p><strong>R\u00f3lunk<\/strong><\/p>\n<p>A weblapunk c\u00edme: <a href=\"http:\/\/depalproject.eu\">http:\/\/icanproject.eu<\/a>.<\/p>\n<p><strong>Milyen szem\u00e9lyes adatokat gy\u0171jt\u00fcnk \u00e9s mi\u00e9rt?<\/strong><\/p>\n<p><strong>Kommentek<\/strong><\/p>\n<p>Amikor az oldal l\u00e1togat\u00f3ja kommentel az oldalon, a spam \u00e9szlel\u00e9s\u00e9nek megk\u00f6nny\u00edt\u00e9se \u00e9rdek\u00e9ben a l\u00e1togat\u00f3 IP-c\u00edm\u00e9n \u00e9s a b\u00f6ng\u00e9sz\u0151 felhaszn\u00e1l\u00f3i \u00fcgyn\u00f6k karaktersorozat\u00e1n k\u00edv\u00fcl \u00f6sszegy\u0171jtj\u00fck a komment \u0171rlapon szerepl\u0151 adatokat.<\/p>\n<p>Az \u00d6n e-mail c\u00edm\u00e9b\u0151l l\u00e9trehozott n\u00e9vtelen karakterl\u00e1nc (m\u00e1s n\u00e9ven hash) eljuttathat\u00f3 a Gravatar szolg\u00e1ltat\u00e1shoz, hogy ellen\u0151rizze, haszn\u00e1lja-e. A Gravatar szolg\u00e1ltat\u00e1s adatv\u00e9delmi ir\u00e1nyelvei itt \u00e9rhet\u0151k el: <a href=\"https:\/\/automattic.com\/privacy\">https:\/\/automattic.com\/privacy<\/a>\/. A komment j\u00f3v\u00e1hagy\u00e1sa ut\u00e1n profilfot\u00f3ja a megjegyz\u00e9ssel \u00f6sszef\u00fcgg\u00e9sben l\u00e1that\u00f3 lesz a nyilv\u00e1noss\u00e1g sz\u00e1m\u00e1ra.<\/p>\n<p><strong>M\u00e9dia<\/strong><\/p>\n<p>Ha k\u00e9peket t\u00f6lt fel a webhelyre, ker\u00fclje a be\u00e1gyazott helyzetadatokat (EXIF GPS) tartalmaz\u00f3 k\u00e9pek felt\u00f6lt\u00e9s\u00e9t! A weboldal l\u00e1togat\u00f3i let\u00f6lthetik \u00e9s kinyerhetik a helyadatokat a weboldalon tal\u00e1lhat\u00f3 k\u00e9pekb\u0151l.<\/p>\n<p><strong>Kapcsolatfelv\u00e9teli \u0171rlap<\/strong><\/p>\n<p><strong>S\u00fctik <\/strong><\/p>\n<p>Ha megjegyz\u00e9st (komment) f\u0171z weboldalunkhoz, eld\u00f6ntheti, hogy nev\u00e9t, e-mail c\u00edm\u00e9t \u00e9s webhely\u00e9t cookie-kba (s\u00fctik) menti. A s\u00fctik az \u00d6n k\u00e9nyelm\u00e9t szolg\u00e1lj\u00e1k, hogy ne kelljen \u00fajb\u00f3l megadnia adatait, amikor \u00fajabb megjegyz\u00e9st tesz. A s\u00fctik egy \u00e9vig \u00e9rv\u00e9nyesek.<\/p>\n<p>Ha a bel\u00e9p\u00e9skor l\u00e9trehoz egy fi\u00f3kot \u00e9s hozz\u00e1f\u00e9r a webhelyhez, ideiglenes cookie-t \u00e1ll\u00edtunk be annak meg\u00e1llap\u00edt\u00e1s\u00e1ra, hogy b\u00f6ng\u00e9sz\u0151je elfogadja-e a s\u00fctiket. Ez a cookie nem tartalmaz szem\u00e9lyes adatokat, \u00e9s a b\u00f6ng\u00e9sz\u0151 bez\u00e1r\u00e1sakor t\u00f6rl\u0151dik.<\/p>\n<p>Amikor bejelentkezik, k\u00fcl\u00f6nb\u00f6z\u0151 cookie-k mentik bejelentkez\u00e9si adatait \u00e9s a k\u00e9perny\u0151 megjelen\u00edt\u00e9si be\u00e1ll\u00edt\u00e1sait. A bejelentkez\u00e9si cookie-k k\u00e9t napig, m\u00edg a k\u00e9perny\u0151opci\u00f3k cookie-jai egy \u00e9vig maradnak \u00e9rv\u00e9nyben. Ha az \u201eEml\u00e9kezzen r\u00e1m\u201d lehet\u0151s\u00e9get v\u00e1lasztja bejelentkez\u00e9skor, a hozz\u00e1f\u00e9r\u00e9se k\u00e9t h\u00e9tig fennmarad. Ha kijelentkezik fi\u00f3kj\u00e1b\u00f3l, a bejelentkez\u00e9si s\u00fctik elt\u00e1vol\u00edt\u00e1sra ker\u00fclnek.<\/p>\n<p>Ha m\u00f3dos\u00edt vagy k\u00f6zz\u00e9tesz egy cikket, egy \u00fajabb cookie ker\u00fcl ment\u00e9sre a b\u00f6ng\u00e9sz\u0151j\u00e9ben. Ez a cookie nem tartalmazza a szem\u00e9lyes adatokat, kiz\u00e1r\u00f3lag a frissen m\u00f3dos\u00edtott elem azonos\u00edt\u00e1s\u00e1t jelzi, \u00e9s 1 nap ut\u00e1n lej\u00e1r.<\/p>\n<p><strong>Be\u00e1gyazott tartalom m\u00e1s webhelyekr\u0151l<\/strong><\/p>\n<p>Az ezen a webhelyen tal\u00e1lhat\u00f3 cikkek be\u00e1gyazott tartalmat (pl. vide\u00f3kat, k\u00e9peket, cikkeket, stb.) tartalmazhatnak. A m\u00e1s weboldalak \u00e1ltal be\u00e9p\u00edtett tartalom ugyan\u00fagy m\u0171k\u00f6dik, mintha a l\u00e1togat\u00f3 megl\u00e1togatta volna a m\u00e1sik webhelyet.<\/p>\n<p>Ezek a webhelyek adatokat gy\u0171jthetnek \u00d6nr\u0151l, cookie-kat haszn\u00e1lhatnak, harmadik f\u00e9l nyomon k\u00f6vet\u00e9s\u00e9t integr\u00e1lhatj\u00e1k, \u00e9s figyelemmel k\u00eds\u00e9rhetik a be\u00e1gyazott tartalommal val\u00f3 interakci\u00f3t, bele\u00e9rtve a be\u00e1gyazott tartalommal val\u00f3 interakci\u00f3 nyomon k\u00f6vet\u00e9s\u00e9t is, ha \u00d6nnek van fi\u00f3kja \u00e9s be van jelentkezve az adott webhelyre.<\/p>\n<p><strong>Elemz\u00e9sek<\/strong><\/p>\n<p><strong>Kivel osztjuk meg az \u00d6n adatait?<\/strong><\/p>\n<p><strong>Mennyi ideig t\u00e1roljuk az adatait?<\/strong><\/p>\n<p>Ha megjegyz\u00e9st tesz, a megjegyz\u00e9st \u00e9s annak metaadatait hat\u00e1rozatlan ideig meg\u0151rizz\u00fck. \u00cdgy automatikusan felismerhetj\u00fck \u00e9s j\u00f3v\u00e1hagyhatjuk a k\u00e9s\u0151bbi megjegyz\u00e9seit ahelyett, hogy a moder\u00e1l\u00e1s miatt v\u00e1rakoztatn\u00e1nk azokat.<\/p>\n<p>A weboldalunkon regisztr\u00e1l\u00f3 felhaszn\u00e1l\u00f3k \u00e1ltaluk megadott szem\u00e9lyes adatait a felhaszn\u00e1l\u00f3i profiljukban is t\u00e1roljuk. B\u00e1rmely felhaszn\u00e1l\u00f3 b\u00e1rmikor megtekintheti, megv\u00e1ltoztathatja vagy t\u00f6r\u00f6lheti szem\u00e9lyes adatait (kiv\u00e9ve a felhaszn\u00e1l\u00f3nev\u00fcket, amelyet nem tudnak megv\u00e1ltoztatni). A webhely rendszergazd\u00e1i is megtekinthetik \u00e9s m\u00f3dos\u00edthatj\u00e1k ezeket az inform\u00e1ci\u00f3kat.<\/p>\n<p><strong>Milyen jogai vannak az adataival kapcsolatban?<\/strong><\/p>\n<p>Ha van fi\u00f3kja ezen a webhelyen, vagy megjegyz\u00e9st tett az oldalon, k\u00e9rheti a webhelyr\u0151l export\u00e1lt f\u00e1jl kiad\u00e1s\u00e1t, amely tartalmazza az \u00e1ltalunk t\u00e1rolt szem\u00e9lyes adatait, bele\u00e9rtve az \u00d6n \u00e1ltal megadott adatokat is. K\u00e9rheti azt is, hogy t\u00f6r\u00f6lj\u00fck az \u00d6nr\u0151l sz\u00f3l\u00f3 \u00f6sszes szem\u00e9lyes adatot. Ez nem vonatkozik azokra az adatokra, amelyeket adminisztrat\u00edv, jogi vagy biztons\u00e1gi c\u00e9lb\u00f3l k\u00f6telesek vagyunk meg\u0151rizni.<\/p>\n<p><strong>Hov\u00e1 k\u00fcldj\u00fck az adatait?<\/strong><\/p>\n<p>A l\u00e1togat\u00f3k kommentjei egy automatikus spamfelismer\u0151 szolg\u00e1ltat\u00e1s seg\u00edts\u00e9g\u00e9vel ellen\u0151rizhet\u0151k.<\/p>\n<p><strong>Adatv\u00e9delmi nyilatkozat<\/strong><\/p>\n<p><strong>Az \u00d6nr\u0151l gy\u0171jt\u00f6tt inform\u00e1ci\u00f3<\/strong><\/p>\n<p>Amikor kit\u00f6lti a tags\u00e1gi nyilatkozatot, inform\u00e1ci\u00f3kat ad meg mag\u00e1r\u00f3l, bele\u00e9rtve a nev\u00e9t \u00e9s el\u00e9rhet\u0151s\u00e9geit. Kaphatunk inform\u00e1ci\u00f3t a webhaszn\u00e1lati szok\u00e1sair\u00f3l, illetve azokb\u00f3l a levelekb\u0151l, e-mailekb\u0151l, melyeket \u00d6n k\u00fcld a sz\u00e1munkra.<\/p>\n<p><strong>Az \u00d6nr\u0151l gy\u0171jt\u00f6tt inform\u00e1ci\u00f3 felhaszn\u00e1l\u00e1sa<\/strong><\/p>\n<p>Az \u00d6nt\u0151l kapott inform\u00e1ci\u00f3 lehet\u0151v\u00e9 teszi sz\u00e1munkra, hogy naprak\u00e9sz t\u00e1j\u00e9koztat\u00e1st adjunk \u00d6nnek a munk\u00e1nkr\u00f3l. Az \u00f6sszegy\u0171jt\u00f6tt inform\u00e1ci\u00f3kat arra is haszn\u00e1lhatjuk, hogy fejlessz\u00fck szolg\u00e1ltat\u00e1sainkat. Az \u00d6nt\u0151l kapott inform\u00e1ci\u00f3t az Egyes\u00fclt Kir\u00e1lys\u00e1g ter\u00fclet\u00e9n tal\u00e1lhat\u00f3 sz\u00e1m\u00edt\u00f3g\u00e9peken t\u00e1roljuk, \u00e9s azokhoz hozz\u00e1f\u00e9r\u00e9st kaphat olyan harmadik szem\u00e9ly, aki a nev\u00fcnkben j\u00e1r el, de kiz\u00e1r\u00f3lag abb\u00f3l a c\u00e9lb\u00f3l, hogy seg\u00edtse a munk\u00e1nkat. Felvehetj\u00fck \u00d6nnel a kapcsolatot post\u00e1n, e-mailen, telefonon vagy SMS-en kereszt\u00fcl, hogy visszajelz\u00e9st k\u00e9rj\u00fcnk a munk\u00e1nkr\u00f3l, vagy, hogy t\u00e1j\u00e9koztat\u00e1st adjunk a szolg\u00e1ltat\u00e1sunkban t\u00f6rt\u00e9n\u0151 jelent\u0151s v\u00e1ltoz\u00e1sokr\u00f3l, amennyiben ehhez megadta a hozz\u00e1j\u00e1rul\u00e1s\u00e1t. Ezt a hozz\u00e1j\u00e1rul\u00e1st b\u00e1rmikor visszavonhatja. Az \u00d6n gondosan megv\u00e1logatott adatait kapcsolatfelv\u00e9tel c\u00e9lj\u00e1b\u00f3l kiadhatjuk olyan harmadik f\u00e9lnek, akinek a szolg\u00e1ltat\u00e1sai \u00e9rdekesek lehetnek az \u00d6n sz\u00e1m\u00e1ra, amennyiben ehhez \u00d6n a hozz\u00e1j\u00e1rul\u00e1s\u00e1t adta. Ezt a hozz\u00e1j\u00e1rul\u00e1st b\u00e1rmikor visszavonhatja. Elemz\u00e9s c\u00e9lj\u00e1b\u00f3l harmadik f\u00e9lnek \u00e1tadhatjuk a weboldalunk haszn\u00e1lat\u00e1val kapcsolatos inform\u00e1ci\u00f3kat, de ezekb\u0151l az \u00d6n szem\u00e9lye nem beazonos\u00edthat\u00f3. Amennyiben a t\u00f6rv\u00e9ny m\u00e1sk\u00e9nt nem rendelkezik, a felsoroltakon k\u00edv\u00fcl semmilyen \u00d6nt\u0151l kapott inform\u00e1ci\u00f3t nem osztunk meg, nem adunk \u00e1t harmadik f\u00e9lnek az \u00d6n tudta \u00e9s beleegyez\u00e9se n\u00e9lk\u00fcl.<\/p>\n<p><strong>Biztons\u00e1g \u00e9s adatmeg\u0151rz\u00e9s<\/strong><\/p>\n<p>Sztenderdiz\u00e1lt biztons\u00e1gi int\u00e9zked\u00e9sek v\u00e9dik az \u00d6n szem\u00e9lyes adatait jogosulatlan vagy jogellenes hozz\u00e1f\u00e9r\u00e9st\u0151l \u00e9s feldolgoz\u00e1st\u00f3l, azok v\u00e9letlen elveszt\u00e9s\u00e9t\u0151l, megv\u00e1ltoztat\u00e1s\u00e1t\u00f3l, megsemmis\u00edt\u00e9s\u00e9t\u0151l. Az \u00d6n adatait \u00e9sszer\u0171 ideig illetve a t\u00f6rv\u00e9ny \u00e1ltal meghat\u00e1rozott ideig t\u00e1roljuk.<\/p>\n<p><strong>Hozz\u00e1f\u00e9r\u00e9s \u00e9s friss\u00edt\u00e9s<\/strong><\/p>\n<p>\u00d6nnek joga van megtekinteni minden \u00d6nr\u0151l t\u00e1rolt inform\u00e1ci\u00f3t. K\u00e9rheti a t\u00e1rolt inform\u00e1ci\u00f3k megv\u00e1ltoztat\u00e1s\u00e1t annak \u00e9rdek\u00e9ben, hogy az inform\u00e1ci\u00f3 pontos, naprak\u00e9sz \u00e9s relev\u00e1ns legyen.<\/p>\n<p><strong>Biztons\u00e1gi nyilatkozat<\/strong><\/p>\n<p>A Liverpool World Centre elk\u00f6telezett a gyermekek, fiatalok, \u00e9s s\u00e9r\u00fcl\u00e9keny feln\u0151ttek biztons\u00e1ga \u00e9s j\u00f3ll\u00e9t\u00e9nek v\u00e9delme mellett. Szervezetk\u00e9nt teljes elk\u00f6telezetts\u00e9ggel biztos\u00edtjuk, hogy k\u00f6vetkezetes \u00e9s hat\u00e9kony elj\u00e1r\u00e1srend v\u00e9dje az \u00e9rintetteket. Munkat\u00e1rsaink \u00e9s \u00f6nk\u00e9nteseink ennek megfelel\u0151en vonatkoz\u00f3 k\u00e9pz\u00e9sben r\u00e9szes\u00fcltek.<\/p>\n<p>Az LWC Biztons\u00e1gi felel\u0151se: Jason Ward (<a href=\"mailto:jason@liverpoolworldcentre.org\">jason@liverpoolworldcentre.org<\/a>)<\/p>\n<p>Az LWC helyettes biztons\u00e1gi felel\u0151se \u00e9s eln\u00f6ke: Pablo Guidi (<a href=\"mailto:pablo@liverpoolworldcentre.org\">pablo@liverpoolworldcentre.org<\/a>)<\/p>\n<p>Az LWC biztons\u00e1g\u00e9rt felel\u0151s kur\u00e1tora: Louise Robinson<\/p>\n<p>A Liverpool World Centre jelenleg fel\u00fclvizsg\u00e1lja vonatkoz\u00f3 rendelkez\u00e9seit. A jelenleg \u00e9rv\u00e9nyben l\u00e9v\u0151 dokumentumok el\u00e9rhet\u0151k az szervezet irod\u00e1j\u00e1ban.<\/p>\n","protected":false},"excerpt":{"rendered":"<p>R\u00f3lunk A weblapunk c\u00edme: http:\/\/icanproject.eu. Milyen szem\u00e9lyes adatokat gy\u0171jt\u00fcnk \u00e9s mi\u00e9rt? Kommentek Amikor az oldal l\u00e1togat\u00f3ja kommentel az oldalon, a spam \u00e9szlel\u00e9s\u00e9nek megk\u00f6nny\u00edt\u00e9se \u00e9rdek\u00e9ben a l\u00e1togat\u00f3 IP-c\u00edm\u00e9n \u00e9s a b\u00f6ng\u00e9sz\u0151 felhaszn\u00e1l\u00f3i \u00fcgyn\u00f6k karaktersorozat\u00e1n k\u00edv\u00fcl \u00f6sszegy\u0171jtj\u00fck a komment \u0171rlapon szerepl\u0151 adatokat. Az \u00d6n e-mail c\u00edm\u00e9b\u0151l l\u00e9trehozott n\u00e9vtelen karakterl\u00e1nc (m\u00e1s n\u00e9ven hash) eljuttathat\u00f3 a Gravatar szolg\u00e1ltat\u00e1shoz, hogy [&hellip;]<\/p>\n","protected":false},"author":1,"featured_media":0,"parent":0,"menu_order":0,"comment_status":"closed","ping_status":"open","template":"","meta":{"footnotes":""},"class_list":["post-173","page","type-page","status-publish","hentry"],"yoast_head":"<!-- This site is optimized with the Yoast SEO plugin v21.9.1 - https:\/\/yoast.com\/wordpress\/plugins\/seo\/ -->\n<title>Privacy Policy - Ican Project<\/title>\n<meta name=\"robots\" content=\"index, follow, max-snippet:-1, max-image-preview:large, max-video-preview:-1\" \/>\n<link rel=\"canonical\" href=\"https:\/\/www.icanproject.eu\/hu\/privacy-policy\/\" \/>\n<meta property=\"og:locale\" content=\"hu_HU\" \/>\n<meta property=\"og:type\" content=\"article\" \/>\n<meta property=\"og:title\" content=\"Privacy Policy - Ican Project\" \/>\n<meta property=\"og:description\" content=\"R\u00f3lunk A weblapunk c\u00edme: http:\/\/icanproject.eu. Milyen szem\u00e9lyes adatokat gy\u0171jt\u00fcnk \u00e9s mi\u00e9rt? Kommentek Amikor az oldal l\u00e1togat\u00f3ja kommentel az oldalon, a spam \u00e9szlel\u00e9s\u00e9nek megk\u00f6nny\u00edt\u00e9se \u00e9rdek\u00e9ben a l\u00e1togat\u00f3 IP-c\u00edm\u00e9n \u00e9s a b\u00f6ng\u00e9sz\u0151 felhaszn\u00e1l\u00f3i \u00fcgyn\u00f6k karaktersorozat\u00e1n k\u00edv\u00fcl \u00f6sszegy\u0171jtj\u00fck a komment \u0171rlapon szerepl\u0151 adatokat. Az \u00d6n e-mail c\u00edm\u00e9b\u0151l l\u00e9trehozott n\u00e9vtelen karakterl\u00e1nc (m\u00e1s n\u00e9ven hash) eljuttathat\u00f3 a Gravatar szolg\u00e1ltat\u00e1shoz, hogy [&hellip;]\" \/>\n<meta property=\"og:url\" content=\"https:\/\/www.icanproject.eu\/hu\/privacy-policy\/\" \/>\n<meta property=\"og:site_name\" content=\"Ican Project\" \/>\n<meta property=\"article:modified_time\" content=\"2021-04-10T12:33:42+00:00\" \/>\n<meta name=\"twitter:card\" content=\"summary_large_image\" \/>\n<meta name=\"twitter:label1\" content=\"Becs\u00fclt olvas\u00e1si id\u0151\" \/>\n\t<meta name=\"twitter:data1\" content=\"4 perc\" \/>\n<script type=\"application\/ld+json\" class=\"yoast-schema-graph\">{\"@context\":\"https:\/\/schema.org\",\"@graph\":[{\"@type\":\"WebPage\",\"@id\":\"https:\/\/www.icanproject.eu\/hu\/privacy-policy\/\",\"url\":\"https:\/\/www.icanproject.eu\/hu\/privacy-policy\/\",\"name\":\"Privacy Policy - Ican Project\",\"isPartOf\":{\"@id\":\"https:\/\/www.icanproject.eu\/hu\/#website\"},\"datePublished\":\"2021-01-18T11:42:00+00:00\",\"dateModified\":\"2021-04-10T12:33:42+00:00\",\"breadcrumb\":{\"@id\":\"https:\/\/www.icanproject.eu\/hu\/privacy-policy\/#breadcrumb\"},\"inLanguage\":\"hu\",\"potentialAction\":[{\"@type\":\"ReadAction\",\"target\":[\"https:\/\/www.icanproject.eu\/hu\/privacy-policy\/\"]}]},{\"@type\":\"BreadcrumbList\",\"@id\":\"https:\/\/www.icanproject.eu\/hu\/privacy-policy\/#breadcrumb\",\"itemListElement\":[{\"@type\":\"ListItem\",\"position\":1,\"name\":\"Home\",\"item\":\"https:\/\/www.icanproject.eu\/hu\/\"},{\"@type\":\"ListItem\",\"position\":2,\"name\":\"Privacy Policy\"}]},{\"@type\":\"WebSite\",\"@id\":\"https:\/\/www.icanproject.eu\/hu\/#website\",\"url\":\"https:\/\/www.icanproject.eu\/hu\/\",\"name\":\"Ican Project\",\"description\":\"INTERNATIONAL CLIMATE ACTION NETWORK (I-CAN)\",\"potentialAction\":[{\"@type\":\"SearchAction\",\"target\":{\"@type\":\"EntryPoint\",\"urlTemplate\":\"https:\/\/www.icanproject.eu\/hu\/?s={search_term_string}\"},\"query-input\":\"required name=search_term_string\"}],\"inLanguage\":\"hu\"}]}<\/script>\n<!-- \/ Yoast SEO plugin. -->","yoast_head_json":{"title":"Privacy Policy - Ican Project","robots":{"index":"index","follow":"follow","max-snippet":"max-snippet:-1","max-image-preview":"max-image-preview:large","max-video-preview":"max-video-preview:-1"},"canonical":"https:\/\/www.icanproject.eu\/hu\/privacy-policy\/","og_locale":"hu_HU","og_type":"article","og_title":"Privacy Policy - Ican Project","og_description":"R\u00f3lunk A weblapunk c\u00edme: http:\/\/icanproject.eu. Milyen szem\u00e9lyes adatokat gy\u0171jt\u00fcnk \u00e9s mi\u00e9rt? Kommentek Amikor az oldal l\u00e1togat\u00f3ja kommentel az oldalon, a spam \u00e9szlel\u00e9s\u00e9nek megk\u00f6nny\u00edt\u00e9se \u00e9rdek\u00e9ben a l\u00e1togat\u00f3 IP-c\u00edm\u00e9n \u00e9s a b\u00f6ng\u00e9sz\u0151 felhaszn\u00e1l\u00f3i \u00fcgyn\u00f6k karaktersorozat\u00e1n k\u00edv\u00fcl \u00f6sszegy\u0171jtj\u00fck a komment \u0171rlapon szerepl\u0151 adatokat. Az \u00d6n e-mail c\u00edm\u00e9b\u0151l l\u00e9trehozott n\u00e9vtelen karakterl\u00e1nc (m\u00e1s n\u00e9ven hash) eljuttathat\u00f3 a Gravatar szolg\u00e1ltat\u00e1shoz, hogy [&hellip;]","og_url":"https:\/\/www.icanproject.eu\/hu\/privacy-policy\/","og_site_name":"Ican Project","article_modified_time":"2021-04-10T12:33:42+00:00","twitter_card":"summary_large_image","twitter_misc":{"Becs\u00fclt olvas\u00e1si id\u0151":"4 perc"},"schema":{"@context":"https:\/\/schema.org","@graph":[{"@type":"WebPage","@id":"https:\/\/www.icanproject.eu\/hu\/privacy-policy\/","url":"https:\/\/www.icanproject.eu\/hu\/privacy-policy\/","name":"Privacy Policy - Ican Project","isPartOf":{"@id":"https:\/\/www.icanproject.eu\/hu\/#website"},"datePublished":"2021-01-18T11:42:00+00:00","dateModified":"2021-04-10T12:33:42+00:00","breadcrumb":{"@id":"https:\/\/www.icanproject.eu\/hu\/privacy-policy\/#breadcrumb"},"inLanguage":"hu","potentialAction":[{"@type":"ReadAction","target":["https:\/\/www.icanproject.eu\/hu\/privacy-policy\/"]}]},{"@type":"BreadcrumbList","@id":"https:\/\/www.icanproject.eu\/hu\/privacy-policy\/#breadcrumb","itemListElement":[{"@type":"ListItem","position":1,"name":"Home","item":"https:\/\/www.icanproject.eu\/hu\/"},{"@type":"ListItem","position":2,"name":"Privacy Policy"}]},{"@type":"WebSite","@id":"https:\/\/www.icanproject.eu\/hu\/#website","url":"https:\/\/www.icanproject.eu\/hu\/","name":"Ican Project","description":"INTERNATIONAL CLIMATE ACTION NETWORK (I-CAN)","potentialAction":[{"@type":"SearchAction","target":{"@type":"EntryPoint","urlTemplate":"https:\/\/www.icanproject.eu\/hu\/?s={search_term_string}"},"query-input":"required name=search_term_string"}],"inLanguage":"hu"}]}},"_links":{"self":[{"href":"https:\/\/www.icanproject.eu\/hu\/wp-json\/wp\/v2\/pages\/173","targetHints":{"allow":["GET"]}}],"collection":[{"href":"https:\/\/www.icanproject.eu\/hu\/wp-json\/wp\/v2\/pages"}],"about":[{"href":"https:\/\/www.icanproject.eu\/hu\/wp-json\/wp\/v2\/types\/page"}],"author":[{"embeddable":true,"href":"https:\/\/www.icanproject.eu\/hu\/wp-json\/wp\/v2\/users\/1"}],"replies":[{"embeddable":true,"href":"https:\/\/www.icanproject.eu\/hu\/wp-json\/wp\/v2\/comments?post=173"}],"version-history":[{"count":2,"href":"https:\/\/www.icanproject.eu\/hu\/wp-json\/wp\/v2\/pages\/173\/revisions"}],"predecessor-version":[{"id":175,"href":"https:\/\/www.icanproject.eu\/hu\/wp-json\/wp\/v2\/pages\/173\/revisions\/175"}],"wp:attachment":[{"href":"https:\/\/www.icanproject.eu\/hu\/wp-json\/wp\/v2\/media?parent=173"}],"curies":[{"name":"wp","href":"https:\/\/api.w.org\/{rel}","templated":true}]}}